{"id":1195,"date":"2020-09-04T13:32:21","date_gmt":"2020-09-04T13:32:21","guid":{"rendered":"https:\/\/thegym.com.ar\/tienda\/?post_type=product&#038;p=1195"},"modified":"2020-09-04T15:41:12","modified_gmt":"2020-09-04T15:41:12","slug":"creatina","status":"publish","type":"product","link":"https:\/\/thegym.com.ar\/tienda\/producto\/creatina\/","title":{"rendered":"CREATINA"},"content":{"rendered":"<h1>CREATINE \u00ae<\/h1>\n<p>Contiene la creatina de mayor calidad que puede ofrecer el mercado, para que tu cuerpo y vos puedan rendir y disfrutar al m\u00e1ximo en cada entrenamiento. Te ayuda a aumentar tu fuerza y resistencia y estimula el crecimiento de tus m\u00fasculos.<\/p>\n<p>\u2022 Aumento de fuerza y potencia.<br \/>\n\u2022 Aumento de masa muscular en respuesta a entrenamientos m\u00e1s intensos.<br \/>\n\u2022 Mejora la recuperaci\u00f3n entre las series.<br \/>\n\u2022 Retrasa la formaci\u00f3n de \u00e1cido l\u00e1ctico durante el ejercicio y disminuye la fatiga.<\/p>\n","protected":false},"excerpt":{"rendered":"<p>CREATINE \u00ae Contiene la creatina de mayor calidad que puede ofrecer el mercado, para que tu cuerpo y vos puedan rendir y disfrutar al m\u00e1ximo en cada entrenamiento. Te ayuda a aumentar tu fuerza y resistencia y estimula el crecimiento de tus m\u00fasculos. \u2022 Aumento de fuerza y potencia. \u2022 Aumento de masa muscular en &hellip;<\/p>\n<p class=\"read-more\"> <a class=\"\" href=\"https:\/\/thegym.com.ar\/tienda\/producto\/creatina\/\"> <span class=\"screen-reader-text\">CREATINA<\/span> Leer m\u00e1s &raquo;<\/a><\/p>\n","protected":false},"featured_media":1196,"comment_status":"open","ping_status":"closed","template":"","meta":[],"_links":{"self":[{"href":"https:\/\/thegym.com.ar\/tienda\/wp-json\/wp\/v2\/product\/1195"}],"collection":[{"href":"https:\/\/thegym.com.ar\/tienda\/wp-json\/wp\/v2\/product"}],"about":[{"href":"https:\/\/thegym.com.ar\/tienda\/wp-json\/wp\/v2\/types\/product"}],"replies":[{"embeddable":true,"href":"https:\/\/thegym.com.ar\/tienda\/wp-json\/wp\/v2\/comments?post=1195"}],"wp:featuredmedia":[{"embeddable":true,"href":"https:\/\/thegym.com.ar\/tienda\/wp-json\/wp\/v2\/media\/1196"}],"wp:attachment":[{"href":"https:\/\/thegym.com.ar\/tienda\/wp-json\/wp\/v2\/media?parent=1195"}],"curies":[{"name":"wp","href":"https:\/\/api.w.org\/{rel}","templated":true}]}}