{"id":1201,"date":"2020-09-04T13:58:00","date_gmt":"2020-09-04T13:58:00","guid":{"rendered":"https:\/\/thegym.com.ar\/tienda\/?post_type=product&#038;p=1201"},"modified":"2020-09-04T15:37:56","modified_gmt":"2020-09-04T15:37:56","slug":"best-whey","status":"publish","type":"product","link":"https:\/\/thegym.com.ar\/tienda\/producto\/best-whey\/","title":{"rendered":"BEST WHEY"},"content":{"rendered":"<p><strong>BEST WHEY PROTEIN \u00ae<\/strong><\/p>\n<p>El desarrollo m\u00e1s reciente del laboratorio XTRENGHT\u00ae. Una f\u00f3rmula innovadora con Prote\u00edna de Suero Concentrada al 80% (WPC 80), Taurina, Creatina y Enzimas Digestivas.Te ayudar\u00e1 a recuperarte despu\u00e9s del entrenamiento y a aumentar tu masa muscular. Disfrut\u00e1 de sus cinco deliciosos sabores luego de entrenar al m\u00e1ximo, y aprovech\u00e1 los beneficios de la primera prote\u00edna potenciada del pa\u00eds, considerada como la mejor entre los que m\u00e1s saben de suplementaci\u00f3n deportiva.<\/p>\n<p><strong>BEST es mejor, XTRENGHT\u00ae es mejor.<\/strong><\/p>\n<p>\u2022 Prote\u00edna Concentrada de Suero al 80 % (WPC 80).<\/p>\n<p>\u2022 Potenciada con\u00a0Creatina ,Taurina\u00a0y\u00a0Enzimas Digestivas.<\/p>\n<p>\u2022Cinco deliciosos sabores: Chocolate, Vainilla, Frutilla, Banana y Cookies &amp; Cream.<\/p>\n<p>\u2022 Baja en lactosa y grasas.<\/p>\n<p>\u2022 Libre\u00a0de Gluten, exepto sabor\u00a0Cookies &amp; Cream.<\/p>\n","protected":false},"excerpt":{"rendered":"<p>BEST WHEY PROTEIN \u00ae El desarrollo m\u00e1s reciente del laboratorio XTRENGHT\u00ae. Una f\u00f3rmula innovadora con Prote\u00edna de Suero Concentrada al 80% (WPC 80), Taurina, Creatina y Enzimas Digestivas.Te ayudar\u00e1 a recuperarte despu\u00e9s del entrenamiento y a aumentar tu masa muscular. Disfrut\u00e1 de sus cinco deliciosos sabores luego de entrenar al m\u00e1ximo, y aprovech\u00e1 los beneficios &hellip;<\/p>\n<p class=\"read-more\"> <a class=\"\" href=\"https:\/\/thegym.com.ar\/tienda\/producto\/best-whey\/\"> <span class=\"screen-reader-text\">BEST WHEY<\/span> Leer m\u00e1s &raquo;<\/a><\/p>\n","protected":false},"featured_media":1202,"comment_status":"open","ping_status":"closed","template":"","meta":[],"_links":{"self":[{"href":"https:\/\/thegym.com.ar\/tienda\/wp-json\/wp\/v2\/product\/1201"}],"collection":[{"href":"https:\/\/thegym.com.ar\/tienda\/wp-json\/wp\/v2\/product"}],"about":[{"href":"https:\/\/thegym.com.ar\/tienda\/wp-json\/wp\/v2\/types\/product"}],"replies":[{"embeddable":true,"href":"https:\/\/thegym.com.ar\/tienda\/wp-json\/wp\/v2\/comments?post=1201"}],"wp:featuredmedia":[{"embeddable":true,"href":"https:\/\/thegym.com.ar\/tienda\/wp-json\/wp\/v2\/media\/1202"}],"wp:attachment":[{"href":"https:\/\/thegym.com.ar\/tienda\/wp-json\/wp\/v2\/media?parent=1201"}],"curies":[{"name":"wp","href":"https:\/\/api.w.org\/{rel}","templated":true}]}}